{"id":159,"date":"2023-10-13T07:11:28","date_gmt":"2023-10-13T07:11:28","guid":{"rendered":"https:\/\/www.toecan.com\/?page_id=159"},"modified":"2024-10-24T09:30:56","modified_gmt":"2024-10-24T09:30:56","slug":"calculator","status":"publish","type":"page","link":"https:\/\/www.staging.toecan.com\/fr\/calculator\/","title":{"rendered":"Calculator"},"content":{"rendered":"<div data-elementor-type=\"wp-page\" data-elementor-id=\"159\" class=\"elementor elementor-159\" data-elementor-post-type=\"page\">\n\t\t\t\t<div class=\"elementor-element elementor-element-dd40197 e-flex e-con-boxed e-con e-parent\" data-id=\"dd40197\" data-element_type=\"container\" data-settings=\"{&quot;background_background&quot;:&quot;classic&quot;}\">\n\t\t\t\t\t<div class=\"e-con-inner\">\n\t\t<div class=\"elementor-element elementor-element-20ebb84 e-flex e-con-boxed elementor-invisible e-con e-child\" data-id=\"20ebb84\" data-element_type=\"container\" data-settings=\"{&quot;animation&quot;:&quot;fadeInUp&quot;}\">\n\t\t\t\t\t<div class=\"e-con-inner\">\n\t\t\t\t<div class=\"elementor-element elementor-element-86c506c elementor-widget elementor-widget-heading\" data-id=\"86c506c\" data-element_type=\"widget\" data-widget_type=\"heading.default\">\n\t\t\t\t<div class=\"elementor-widget-container\">\n\t\t\t<h1 class=\"elementor-heading-title elementor-size-default\">Calculez les \u00e9conomies que vous pouvez r\u00e9aliser<\/h1>\t\t<\/div>\n\t\t\t\t<\/div>\n\t\t\t\t<div class=\"elementor-element elementor-element-3e28920 elementor-widget elementor-widget-text-editor\" data-id=\"3e28920\" data-element_type=\"widget\" data-widget_type=\"text-editor.default\">\n\t\t\t\t<div class=\"elementor-widget-container\">\n\t\t\t\t\t\t\t<p>Toecan n'assure pas seulement une conduite plus s\u00fbre sur la route, il pr\u00e9sente \u00e9galement des avantages \u00e9conomiques. Par exemple, vous pouvez r\u00e9duire votre consommation de carburant, vos co\u00fbts d'entretien et vos frais d'assurance.<\/p>\t\t\t\t\t\t<\/div>\n\t\t\t\t<\/div>\n\t\t\t\t\t<\/div>\n\t\t\t\t<\/div>\n\t\t\t\t\t<\/div>\n\t\t\t\t<\/div>\n\t\t<div class=\"elementor-element elementor-element-a614b5c e-flex e-con-boxed e-con e-parent\" data-id=\"a614b5c\" data-element_type=\"container\" data-settings=\"{&quot;background_background&quot;:&quot;classic&quot;}\">\n\t\t\t\t\t<div class=\"e-con-inner\">\n\t\t<div class=\"elementor-element elementor-element-781449e0 e-con-full e-flex e-con e-child\" data-id=\"781449e0\" data-element_type=\"container\">\n\t\t<div class=\"elementor-element elementor-element-621545f2 e-con-full e-flex elementor-invisible e-con e-child\" data-id=\"621545f2\" data-element_type=\"container\" data-settings=\"{&quot;background_background&quot;:&quot;classic&quot;,&quot;animation&quot;:&quot;fadeInUp&quot;,&quot;animation_delay&quot;:50}\">\n\t\t\t\t<div class=\"elementor-element elementor-element-5ab880b elementor-hidden-widescreen elementor-hidden-desktop elementor-alert-info elementor-widget elementor-widget-alert\" data-id=\"5ab880b\" data-element_type=\"widget\" data-widget_type=\"alert.default\">\n\t\t\t\t<div class=\"elementor-widget-container\">\n\t\t\t\t\t<div class=\"elementor-alert\" role=\"alert\">\n\n\t\t\t\t\t\t<span class=\"elementor-alert-title\">La calculatrice n'est pas disponible<\/span>\n\t\t\t\n\t\t\t\t\t\t<span class=\"elementor-alert-description\">La calculatrice n\u2019est pas disponible pour utilisation sur les smartphones et les tablettes. <\/span>\n\t\t\t\n\t\t\t\t\t\t<button type=\"button\" class=\"elementor-alert-dismiss\">\n\t\t\t\t\t\t\t\t\t<span aria-hidden=\"true\">&times;<\/span>\n\t\t\t\t\t\t\t\t<span class=\"elementor-screen-only\">Ignorer cette alerte.<\/span>\n\t\t\t<\/button>\n\t\t\t\n\t\t<\/div>\n\t\t\t\t<\/div>\n\t\t\t\t<\/div>\n\t\t\t\t<div class=\"elementor-element elementor-element-4ff382f3 elementor-hidden-tablet elementor-hidden-mobile elementor-widget elementor-widget-html\" data-id=\"4ff382f3\" data-element_type=\"widget\" data-no-translation=\"\" data-widget_type=\"html.default\">\n\t\t\t\t<div class=\"elementor-widget-container\">\n\t\t\t<style>.elementor-element-4ff382f3{display:none !important}<\/style>\t\t<\/div>\n\t\t\t\t<\/div>\n\t\t\t\t<div class=\"elementor-element elementor-element-58a30912 elementor-hidden-tablet elementor-hidden-mobile elementor-widget elementor-widget-html\" data-id=\"58a30912\" data-element_type=\"widget\" data-no-translation=\"\" data-widget_type=\"html.default\">\n\t\t\t\t<div class=\"elementor-widget-container\">\n\t\t\t<iframe src=\"https:\/\/calculator-dev.toecan.com\/calculator\/fr\" width=\"1000\" height=\"800\" allowfullscreen><\/iframe>\t\t<\/div>\n\t\t\t\t<\/div>\n\t\t\t\t<div class=\"elementor-element elementor-element-7aea7f20 elementor-hidden-tablet elementor-hidden-mobile elementor-widget elementor-widget-html\" data-id=\"7aea7f20\" data-element_type=\"widget\" data-no-translation=\"\" data-widget_type=\"html.default\">\n\t\t\t\t<div class=\"elementor-widget-container\">\n\t\t\t<style>.elementor-element-7aea7f20{display:none !important}<\/style>\t\t<\/div>\n\t\t\t\t<\/div>\n\t\t\t\t<\/div>\n\t\t\t\t<\/div>\n\t\t\t\t\t<\/div>\n\t\t\t\t<\/div>\n\t\t\t\t<\/div>","protected":false},"excerpt":{"rendered":"<p>Bereken hoeveel kosten u kan uitsparen Toecan zorgt niet alleen voor meer verkeersveilig rijgedrag, het heeft ook economische voordelen. Zo kan u uw brandstofverbruik, onderhoudskosten en verzekeringskost verminderen. De calculator is niet beschikbaar De calculator is niet beschikbaar voor gebruik op smartphones en tablets. &times; Dismiss this alert.<\/p>","protected":false},"author":1,"featured_media":816,"parent":0,"menu_order":0,"comment_status":"closed","ping_status":"closed","template":"elementor_theme","meta":{"footnotes":""},"class_list":["post-159","page","type-page","status-publish","has-post-thumbnail","hentry"],"yoast_head":"<!-- This site is optimized with the Yoast SEO plugin v23.7 - https:\/\/yoast.com\/wordpress\/plugins\/seo\/ -->\n<title>Calculator | Toecan<\/title>\n<meta name=\"description\" content=\"Toecan zorgt niet alleen voor meer verkeersveilig rijgedrag, het heeft ook economische voordelen. Bereken hoeveel kosten u kan uitsparen!\" \/>\n<meta name=\"robots\" content=\"noindex, follow, max-snippet:-1, max-image-preview:large, max-video-preview:-1\" \/>\n<meta property=\"og:locale\" content=\"fr_FR\" \/>\n<meta property=\"og:type\" content=\"article\" \/>\n<meta property=\"og:title\" content=\"Calculator | Toecan\" \/>\n<meta property=\"og:description\" content=\"Toecan zorgt niet alleen voor meer verkeersveilig rijgedrag, het heeft ook economische voordelen. Bereken hoeveel kosten u kan uitsparen!\" \/>\n<meta property=\"og:url\" content=\"https:\/\/www.staging.toecan.com\/fr\/calculator\/\" \/>\n<meta property=\"og:site_name\" content=\"Toecan\" \/>\n<meta property=\"article:modified_time\" content=\"2024-10-24T09:30:56+00:00\" \/>\n<meta property=\"og:image\" content=\"https:\/\/www.staging.toecan.com\/wp-content\/uploads\/2023\/10\/Stap1_NL.png\" \/>\n\t<meta property=\"og:image:width\" content=\"1428\" \/>\n\t<meta property=\"og:image:height\" content=\"1054\" \/>\n\t<meta property=\"og:image:type\" content=\"image\/png\" \/>\n<meta name=\"twitter:card\" content=\"summary_large_image\" \/>\n<meta name=\"twitter:label1\" content=\"Dur\u00e9e de lecture estim\u00e9e\" \/>\n\t<meta name=\"twitter:data1\" content=\"1 minute\" \/>\n<script type=\"application\/ld+json\" class=\"yoast-schema-graph\">{\"@context\":\"https:\/\/schema.org\",\"@graph\":[{\"@type\":\"WebPage\",\"@id\":\"https:\/\/www.staging.toecan.com\/calculator\/\",\"url\":\"https:\/\/www.staging.toecan.com\/calculator\/\",\"name\":\"Calculator | Toecan\",\"isPartOf\":{\"@id\":\"https:\/\/www.staging.toecan.com\/#website\"},\"primaryImageOfPage\":{\"@id\":\"https:\/\/www.staging.toecan.com\/calculator\/#primaryimage\"},\"image\":{\"@id\":\"https:\/\/www.staging.toecan.com\/calculator\/#primaryimage\"},\"thumbnailUrl\":\"https:\/\/www.staging.toecan.com\/wp-content\/uploads\/2023\/10\/Stap1_NL.png\",\"datePublished\":\"2023-10-13T07:11:28+00:00\",\"dateModified\":\"2024-10-24T09:30:56+00:00\",\"description\":\"Toecan zorgt niet alleen voor meer verkeersveilig rijgedrag, het heeft ook economische voordelen. Bereken hoeveel kosten u kan uitsparen!\",\"breadcrumb\":{\"@id\":\"https:\/\/www.staging.toecan.com\/calculator\/#breadcrumb\"},\"inLanguage\":\"fr-FR\",\"potentialAction\":[{\"@type\":\"ReadAction\",\"target\":[\"https:\/\/www.staging.toecan.com\/calculator\/\"]}]},{\"@type\":\"ImageObject\",\"inLanguage\":\"fr-FR\",\"@id\":\"https:\/\/www.staging.toecan.com\/calculator\/#primaryimage\",\"url\":\"https:\/\/www.staging.toecan.com\/wp-content\/uploads\/2023\/10\/Stap1_NL.png\",\"contentUrl\":\"https:\/\/www.staging.toecan.com\/wp-content\/uploads\/2023\/10\/Stap1_NL.png\",\"width\":1428,\"height\":1054},{\"@type\":\"BreadcrumbList\",\"@id\":\"https:\/\/www.staging.toecan.com\/calculator\/#breadcrumb\",\"itemListElement\":[{\"@type\":\"ListItem\",\"position\":1,\"name\":\"Home\",\"item\":\"https:\/\/www.staging.toecan.com\/\"},{\"@type\":\"ListItem\",\"position\":2,\"name\":\"Calculator\"}]},{\"@type\":\"WebSite\",\"@id\":\"https:\/\/www.staging.toecan.com\/#website\",\"url\":\"https:\/\/www.staging.toecan.com\/\",\"name\":\"Toecan\",\"description\":\"Smart Prevention Solutions\",\"potentialAction\":[{\"@type\":\"SearchAction\",\"target\":{\"@type\":\"EntryPoint\",\"urlTemplate\":\"https:\/\/www.staging.toecan.com\/?s={search_term_string}\"},\"query-input\":{\"@type\":\"PropertyValueSpecification\",\"valueRequired\":true,\"valueName\":\"search_term_string\"}}],\"inLanguage\":\"fr-FR\"}]}<\/script>\n<!-- \/ Yoast SEO plugin. -->","yoast_head_json":{"title":"Calculator | Toecan","description":"Toecan zorgt niet alleen voor meer verkeersveilig rijgedrag, het heeft ook economische voordelen. Bereken hoeveel kosten u kan uitsparen!","robots":{"index":"noindex","follow":"follow","max-snippet":"max-snippet:-1","max-image-preview":"max-image-preview:large","max-video-preview":"max-video-preview:-1"},"og_locale":"fr_FR","og_type":"article","og_title":"Calculator | Toecan","og_description":"Toecan zorgt niet alleen voor meer verkeersveilig rijgedrag, het heeft ook economische voordelen. Bereken hoeveel kosten u kan uitsparen!","og_url":"https:\/\/www.staging.toecan.com\/fr\/calculator\/","og_site_name":"Toecan","article_modified_time":"2024-10-24T09:30:56+00:00","og_image":[{"width":1428,"height":1054,"url":"https:\/\/www.staging.toecan.com\/wp-content\/uploads\/2023\/10\/Stap1_NL.png","type":"image\/png"}],"twitter_card":"summary_large_image","twitter_misc":{"Dur\u00e9e de lecture estim\u00e9e":"1 minute"},"schema":{"@context":"https:\/\/schema.org","@graph":[{"@type":"WebPage","@id":"https:\/\/www.staging.toecan.com\/calculator\/","url":"https:\/\/www.staging.toecan.com\/calculator\/","name":"Calculator | Toecan","isPartOf":{"@id":"https:\/\/www.staging.toecan.com\/#website"},"primaryImageOfPage":{"@id":"https:\/\/www.staging.toecan.com\/calculator\/#primaryimage"},"image":{"@id":"https:\/\/www.staging.toecan.com\/calculator\/#primaryimage"},"thumbnailUrl":"https:\/\/www.staging.toecan.com\/wp-content\/uploads\/2023\/10\/Stap1_NL.png","datePublished":"2023-10-13T07:11:28+00:00","dateModified":"2024-10-24T09:30:56+00:00","description":"Toecan zorgt niet alleen voor meer verkeersveilig rijgedrag, het heeft ook economische voordelen. Bereken hoeveel kosten u kan uitsparen!","breadcrumb":{"@id":"https:\/\/www.staging.toecan.com\/calculator\/#breadcrumb"},"inLanguage":"fr-FR","potentialAction":[{"@type":"ReadAction","target":["https:\/\/www.staging.toecan.com\/calculator\/"]}]},{"@type":"ImageObject","inLanguage":"fr-FR","@id":"https:\/\/www.staging.toecan.com\/calculator\/#primaryimage","url":"https:\/\/www.staging.toecan.com\/wp-content\/uploads\/2023\/10\/Stap1_NL.png","contentUrl":"https:\/\/www.staging.toecan.com\/wp-content\/uploads\/2023\/10\/Stap1_NL.png","width":1428,"height":1054},{"@type":"BreadcrumbList","@id":"https:\/\/www.staging.toecan.com\/calculator\/#breadcrumb","itemListElement":[{"@type":"ListItem","position":1,"name":"Home","item":"https:\/\/www.staging.toecan.com\/"},{"@type":"ListItem","position":2,"name":"Calculator"}]},{"@type":"WebSite","@id":"https:\/\/www.staging.toecan.com\/#website","url":"https:\/\/www.staging.toecan.com\/","name":"Toecan","description":"Smart Prevention Solutions","potentialAction":[{"@type":"SearchAction","target":{"@type":"EntryPoint","urlTemplate":"https:\/\/www.staging.toecan.com\/?s={search_term_string}"},"query-input":{"@type":"PropertyValueSpecification","valueRequired":true,"valueName":"search_term_string"}}],"inLanguage":"fr-FR"}]}},"_links":{"self":[{"href":"https:\/\/www.staging.toecan.com\/fr\/wp-json\/wp\/v2\/pages\/159","targetHints":{"allow":["GET"]}}],"collection":[{"href":"https:\/\/www.staging.toecan.com\/fr\/wp-json\/wp\/v2\/pages"}],"about":[{"href":"https:\/\/www.staging.toecan.com\/fr\/wp-json\/wp\/v2\/types\/page"}],"author":[{"embeddable":true,"href":"https:\/\/www.staging.toecan.com\/fr\/wp-json\/wp\/v2\/users\/1"}],"replies":[{"embeddable":true,"href":"https:\/\/www.staging.toecan.com\/fr\/wp-json\/wp\/v2\/comments?post=159"}],"version-history":[{"count":182,"href":"https:\/\/www.staging.toecan.com\/fr\/wp-json\/wp\/v2\/pages\/159\/revisions"}],"predecessor-version":[{"id":1619,"href":"https:\/\/www.staging.toecan.com\/fr\/wp-json\/wp\/v2\/pages\/159\/revisions\/1619"}],"wp:featuredmedia":[{"embeddable":true,"href":"https:\/\/www.staging.toecan.com\/fr\/wp-json\/wp\/v2\/media\/816"}],"wp:attachment":[{"href":"https:\/\/www.staging.toecan.com\/fr\/wp-json\/wp\/v2\/media?parent=159"}],"curies":[{"name":"wp","href":"https:\/\/api.w.org\/{rel}","templated":true}]}}